{"id":8522,"date":"2025-02-25T08:56:26","date_gmt":"2025-02-25T08:56:26","guid":{"rendered":"https:\/\/zm7h237e.web141.alfahosting-server.de\/?page_id=8522"},"modified":"2025-02-25T08:59:07","modified_gmt":"2025-02-25T08:59:07","slug":"gender-hinweis","status":"publish","type":"page","link":"https:\/\/microsys.de\/de\/gender-hinweis\/","title":{"rendered":"Gender-Hinweis"},"content":{"rendered":"\t\t<div data-elementor-type=\"wp-page\" data-elementor-id=\"8522\" class=\"elementor elementor-8522\" data-elementor-post-type=\"page\">\n\t\t\t\t<div class=\"elementor-element elementor-element-22e858e e-flex e-con-boxed elementor-invisible e-con e-parent\" data-id=\"22e858e\" data-element_type=\"container\" data-settings=\"{&quot;background_background&quot;:&quot;classic&quot;,&quot;animation&quot;:&quot;fadeIn&quot;}\">\n\t\t\t\t\t<div class=\"e-con-inner\">\n\t\t\t\t<div class=\"elementor-element elementor-element-a91b2c1 elementor-widget__width-inherit elementor-invisible elementor-widget elementor-widget-heading\" data-id=\"a91b2c1\" data-element_type=\"widget\" data-settings=\"{&quot;_animation&quot;:&quot;fadeIn&quot;,&quot;_animation_mobile&quot;:&quot;none&quot;,&quot;_animation_delay&quot;:300}\" data-widget_type=\"heading.default\">\n\t\t\t\t<div class=\"elementor-widget-container\">\n\t\t\t\t\t<h1 class=\"elementor-heading-title elementor-size-default\">Gender-Hinweis<\/h1>\t\t\t\t<\/div>\n\t\t\t\t<\/div>\n\t\t\t\t\t<\/div>\n\t\t\t\t<\/div>\n\t\t<div class=\"elementor-element elementor-element-7eaa79e custom-padding e-flex e-con-boxed e-con e-parent\" data-id=\"7eaa79e\" data-element_type=\"container\">\n\t\t\t\t\t<div class=\"e-con-inner\">\n\t\t\t\t<div class=\"elementor-element elementor-element-a2b7a9f elementor-widget elementor-widget-text-editor\" data-id=\"a2b7a9f\" data-element_type=\"widget\" data-widget_type=\"text-editor.default\">\n\t\t\t\t<div class=\"elementor-widget-container\">\n\t\t\t\t\t\t\t\t\t<p>Aus Gr\u00fcnden der besseren Lesbarkeit wird bei Personenbezeichnungen und personenbezogenen Hauptw\u00f6rtern auf dieser Website die m\u00e4nnliche Form verwendet. Entsprechende Begriffe gelten im Sinne der Gleichbehandlung grunds\u00e4tzlich f\u00fcr alle Geschlechter. Die verk\u00fcrzte Sprachform hat nur redaktionelle Gr\u00fcnde und beinhaltet keine Wertung.<\/p>\t\t\t\t\t\t\t\t<\/div>\n\t\t\t\t<\/div>\n\t\t\t\t\t<\/div>\n\t\t\t\t<\/div>\n\t\t\t\t<\/div>\n\t\t","protected":false},"excerpt":{"rendered":"<p>Gender-Hinweis Aus Gr\u00fcnden der besseren Lesbarkeit wird bei Personenbezeichnungen und personenbezogenen Hauptw\u00f6rtern auf dieser Website die m\u00e4nnliche Form verwendet. Entsprechende Begriffe gelten im Sinne der Gleichbehandlung grunds\u00e4tzlich f\u00fcr alle Geschlechter. Die verk\u00fcrzte Sprachform hat nur redaktionelle Gr\u00fcnde und beinhaltet keine Wertung.<\/p>\n","protected":false},"author":1,"featured_media":0,"parent":0,"menu_order":0,"comment_status":"closed","ping_status":"closed","template":"","meta":{"_acf_changed":false,"footnotes":""},"class_list":["post-8522","page","type-page","status-publish","hentry"],"acf":[],"yoast_head":"<!-- This site is optimized with the Yoast SEO plugin v26.2 - https:\/\/yoast.com\/wordpress\/plugins\/seo\/ -->\n<title>Gender-Hinweis - MicroSys<\/title>\n<meta name=\"robots\" content=\"index, follow, max-snippet:-1, max-image-preview:large, max-video-preview:-1\" \/>\n<link rel=\"canonical\" href=\"https:\/\/microsys.de\/de\/gender-hinweis\/\" \/>\n<meta property=\"og:locale\" content=\"de_DE\" \/>\n<meta property=\"og:type\" content=\"article\" \/>\n<meta property=\"og:title\" content=\"Gender-Hinweis - MicroSys\" \/>\n<meta property=\"og:description\" content=\"Gender-Hinweis Aus Gr\u00fcnden der besseren Lesbarkeit wird bei Personenbezeichnungen und personenbezogenen Hauptw\u00f6rtern auf dieser Website die m\u00e4nnliche Form verwendet. Entsprechende Begriffe gelten im Sinne der Gleichbehandlung grunds\u00e4tzlich f\u00fcr alle Geschlechter. Die verk\u00fcrzte Sprachform hat nur redaktionelle Gr\u00fcnde und beinhaltet keine Wertung.\" \/>\n<meta property=\"og:url\" content=\"https:\/\/microsys.de\/de\/gender-hinweis\/\" \/>\n<meta property=\"og:site_name\" content=\"MicroSys\" \/>\n<meta property=\"article:modified_time\" content=\"2025-02-25T08:59:07+00:00\" \/>\n<meta name=\"twitter:card\" content=\"summary_large_image\" \/>\n<meta name=\"twitter:label1\" content=\"Gesch\u00e4tzte Lesezeit\" \/>\n\t<meta name=\"twitter:data1\" content=\"1\u00a0Minute\" \/>\n<script type=\"application\/ld+json\" class=\"yoast-schema-graph\">{\"@context\":\"https:\/\/schema.org\",\"@graph\":[{\"@type\":\"WebPage\",\"@id\":\"https:\/\/microsys.de\/de\/gender-hinweis\/\",\"url\":\"https:\/\/microsys.de\/de\/gender-hinweis\/\",\"name\":\"Gender-Hinweis - MicroSys\",\"isPartOf\":{\"@id\":\"https:\/\/microsys.de\/de\/#website\"},\"datePublished\":\"2025-02-25T08:56:26+00:00\",\"dateModified\":\"2025-02-25T08:59:07+00:00\",\"breadcrumb\":{\"@id\":\"https:\/\/microsys.de\/de\/gender-hinweis\/#breadcrumb\"},\"inLanguage\":\"de\",\"potentialAction\":[{\"@type\":\"ReadAction\",\"target\":[\"https:\/\/microsys.de\/de\/gender-hinweis\/\"]}]},{\"@type\":\"BreadcrumbList\",\"@id\":\"https:\/\/microsys.de\/de\/gender-hinweis\/#breadcrumb\",\"itemListElement\":[{\"@type\":\"ListItem\",\"position\":1,\"name\":\"Home\",\"item\":\"https:\/\/microsys.de\/de\/\"},{\"@type\":\"ListItem\",\"position\":2,\"name\":\"Gender-Hinweis\"}]},{\"@type\":\"WebSite\",\"@id\":\"https:\/\/microsys.de\/de\/#website\",\"url\":\"https:\/\/microsys.de\/de\/\",\"name\":\"MicroSys\",\"description\":\"Creating Embedded Systems\",\"publisher\":{\"@id\":\"https:\/\/microsys.de\/de\/#organization\"},\"potentialAction\":[{\"@type\":\"SearchAction\",\"target\":{\"@type\":\"EntryPoint\",\"urlTemplate\":\"https:\/\/microsys.de\/de\/?s={search_term_string}\"},\"query-input\":{\"@type\":\"PropertyValueSpecification\",\"valueRequired\":true,\"valueName\":\"search_term_string\"}}],\"inLanguage\":\"de\"},{\"@type\":\"Organization\",\"@id\":\"https:\/\/microsys.de\/de\/#organization\",\"name\":\"MicroSys Electronics GmbH\",\"url\":\"https:\/\/microsys.de\/de\/\",\"logo\":{\"@type\":\"ImageObject\",\"inLanguage\":\"de\",\"@id\":\"https:\/\/microsys.de\/de\/#\/schema\/logo\/image\/\",\"url\":\"https:\/\/microsys.de\/wp-content\/uploads\/2024\/12\/Microsys_Logo_Embedded_Solutions.png\",\"contentUrl\":\"https:\/\/microsys.de\/wp-content\/uploads\/2024\/12\/Microsys_Logo_Embedded_Solutions.png\",\"width\":532,\"height\":125,\"caption\":\"MicroSys Electronics GmbH\"},\"image\":{\"@id\":\"https:\/\/microsys.de\/de\/#\/schema\/logo\/image\/\"}}]}<\/script>\n<!-- \/ Yoast SEO plugin. -->","yoast_head_json":{"title":"Gender-Hinweis - MicroSys","robots":{"index":"index","follow":"follow","max-snippet":"max-snippet:-1","max-image-preview":"max-image-preview:large","max-video-preview":"max-video-preview:-1"},"canonical":"https:\/\/microsys.de\/de\/gender-hinweis\/","og_locale":"de_DE","og_type":"article","og_title":"Gender-Hinweis - MicroSys","og_description":"Gender-Hinweis Aus Gr\u00fcnden der besseren Lesbarkeit wird bei Personenbezeichnungen und personenbezogenen Hauptw\u00f6rtern auf dieser Website die m\u00e4nnliche Form verwendet. Entsprechende Begriffe gelten im Sinne der Gleichbehandlung grunds\u00e4tzlich f\u00fcr alle Geschlechter. Die verk\u00fcrzte Sprachform hat nur redaktionelle Gr\u00fcnde und beinhaltet keine Wertung.","og_url":"https:\/\/microsys.de\/de\/gender-hinweis\/","og_site_name":"MicroSys","article_modified_time":"2025-02-25T08:59:07+00:00","twitter_card":"summary_large_image","twitter_misc":{"Gesch\u00e4tzte Lesezeit":"1\u00a0Minute"},"schema":{"@context":"https:\/\/schema.org","@graph":[{"@type":"WebPage","@id":"https:\/\/microsys.de\/de\/gender-hinweis\/","url":"https:\/\/microsys.de\/de\/gender-hinweis\/","name":"Gender-Hinweis - MicroSys","isPartOf":{"@id":"https:\/\/microsys.de\/de\/#website"},"datePublished":"2025-02-25T08:56:26+00:00","dateModified":"2025-02-25T08:59:07+00:00","breadcrumb":{"@id":"https:\/\/microsys.de\/de\/gender-hinweis\/#breadcrumb"},"inLanguage":"de","potentialAction":[{"@type":"ReadAction","target":["https:\/\/microsys.de\/de\/gender-hinweis\/"]}]},{"@type":"BreadcrumbList","@id":"https:\/\/microsys.de\/de\/gender-hinweis\/#breadcrumb","itemListElement":[{"@type":"ListItem","position":1,"name":"Home","item":"https:\/\/microsys.de\/de\/"},{"@type":"ListItem","position":2,"name":"Gender-Hinweis"}]},{"@type":"WebSite","@id":"https:\/\/microsys.de\/de\/#website","url":"https:\/\/microsys.de\/de\/","name":"MicroSys","description":"Creating Embedded Systems","publisher":{"@id":"https:\/\/microsys.de\/de\/#organization"},"potentialAction":[{"@type":"SearchAction","target":{"@type":"EntryPoint","urlTemplate":"https:\/\/microsys.de\/de\/?s={search_term_string}"},"query-input":{"@type":"PropertyValueSpecification","valueRequired":true,"valueName":"search_term_string"}}],"inLanguage":"de"},{"@type":"Organization","@id":"https:\/\/microsys.de\/de\/#organization","name":"MicroSys Electronics GmbH","url":"https:\/\/microsys.de\/de\/","logo":{"@type":"ImageObject","inLanguage":"de","@id":"https:\/\/microsys.de\/de\/#\/schema\/logo\/image\/","url":"https:\/\/microsys.de\/wp-content\/uploads\/2024\/12\/Microsys_Logo_Embedded_Solutions.png","contentUrl":"https:\/\/microsys.de\/wp-content\/uploads\/2024\/12\/Microsys_Logo_Embedded_Solutions.png","width":532,"height":125,"caption":"MicroSys Electronics GmbH"},"image":{"@id":"https:\/\/microsys.de\/de\/#\/schema\/logo\/image\/"}}]}},"_links":{"self":[{"href":"https:\/\/microsys.de\/de\/wp-json\/wp\/v2\/pages\/8522","targetHints":{"allow":["GET"]}}],"collection":[{"href":"https:\/\/microsys.de\/de\/wp-json\/wp\/v2\/pages"}],"about":[{"href":"https:\/\/microsys.de\/de\/wp-json\/wp\/v2\/types\/page"}],"author":[{"embeddable":true,"href":"https:\/\/microsys.de\/de\/wp-json\/wp\/v2\/users\/1"}],"replies":[{"embeddable":true,"href":"https:\/\/microsys.de\/de\/wp-json\/wp\/v2\/comments?post=8522"}],"version-history":[{"count":0,"href":"https:\/\/microsys.de\/de\/wp-json\/wp\/v2\/pages\/8522\/revisions"}],"wp:attachment":[{"href":"https:\/\/microsys.de\/de\/wp-json\/wp\/v2\/media?parent=8522"}],"curies":[{"name":"wp","href":"https:\/\/api.w.org\/{rel}","templated":true}]}}