{"id":8501,"date":"2025-02-10T15:40:29","date_gmt":"2025-02-10T15:40:29","guid":{"rendered":"https:\/\/zm7h237e.web141.alfahosting-server.de\/dienstleistungen\/"},"modified":"2025-12-22T16:01:07","modified_gmt":"2025-12-22T16:01:07","slug":"dienstleistungen","status":"publish","type":"page","link":"https:\/\/microsys.de\/de\/dienstleistungen\/","title":{"rendered":"Dienstleistungen"},"content":{"rendered":"\t\t<div data-elementor-type=\"wp-page\" data-elementor-id=\"8501\" class=\"elementor elementor-8501 elementor-4886\" data-elementor-post-type=\"page\">\n\t\t\t\t<div class=\"elementor-element elementor-element-d168339 e-flex e-con-boxed elementor-invisible e-con e-parent\" data-id=\"d168339\" data-element_type=\"container\" data-settings=\"{&quot;background_background&quot;:&quot;classic&quot;,&quot;animation&quot;:&quot;fadeIn&quot;,&quot;animation_mobile&quot;:&quot;none&quot;}\">\n\t\t\t\t\t<div class=\"e-con-inner\">\n\t\t\t\t<div class=\"elementor-element elementor-element-b17a16f elementor-widget elementor-widget-heading\" data-id=\"b17a16f\" data-element_type=\"widget\" data-widget_type=\"heading.default\">\n\t\t\t\t<div class=\"elementor-widget-container\">\n\t\t\t\t\t<h1 class=\"elementor-heading-title elementor-size-default\">Dienstleistungen<\/h1>\t\t\t\t<\/div>\n\t\t\t\t<\/div>\n\t\t\t\t<div class=\"elementor-element elementor-element-f3f0132 subline elementor-hidden-mobile elementor-widget elementor-widget-text-editor\" data-id=\"f3f0132\" data-element_type=\"widget\" data-widget_type=\"text-editor.default\">\n\t\t\t\t<div class=\"elementor-widget-container\">\n\t\t\t\t\t\t\t\t\t<p>Unser Team aus erfahrenen Technikern, Beratern und Entwicklern unterst\u00fctzt Sie bei der Implementierung Ihrer individuellen L\u00f6sung.<\/p>\t\t\t\t\t\t\t\t<\/div>\n\t\t\t\t<\/div>\n\t\t\t\t\t<\/div>\n\t\t\t\t<\/div>\n\t\t<div class=\"elementor-element elementor-element-15c2593 breadcrumb e-flex e-con-boxed e-con e-parent\" data-id=\"15c2593\" data-element_type=\"container\">\n\t\t\t\t\t<div class=\"e-con-inner\">\n\t\t\t\t<div class=\"elementor-element elementor-element-b86bfba elementor-widget elementor-widget-breadcrumbs\" data-id=\"b86bfba\" data-element_type=\"widget\" data-widget_type=\"breadcrumbs.default\">\n\t\t\t\t<div class=\"elementor-widget-container\">\n\t\t\t\t\t<p id=\"breadcrumbs\"><span><span><a href=\"https:\/\/microsys.de\/de\/\">Home<\/a><\/span><\/span><\/p>\t\t\t\t<\/div>\n\t\t\t\t<\/div>\n\t\t\t\t\t<\/div>\n\t\t\t\t<\/div>\n\t\t<div class=\"elementor-element elementor-element-0676bbc custom-padding e-flex e-con-boxed elementor-invisible e-con e-parent\" data-id=\"0676bbc\" data-element_type=\"container\" data-settings=\"{&quot;animation&quot;:&quot;fadeIn&quot;,&quot;animation_delay&quot;:200}\">\n\t\t\t\t\t<div class=\"e-con-inner\">\n\t\t\t\t<div class=\"elementor-element elementor-element-0415b0b elementor-widget elementor-widget-heading\" data-id=\"0415b0b\" data-element_type=\"widget\" data-widget_type=\"heading.default\">\n\t\t\t\t<div class=\"elementor-widget-container\">\n\t\t\t\t\t<h2 class=\"elementor-heading-title elementor-size-default\">Zertifizierungen \u2013 Standards und Dienstleistungen f\u00fcr spezielle M\u00e4rkte<\/h2>\t\t\t\t<\/div>\n\t\t\t\t<\/div>\n\t\t\t\t<div class=\"elementor-element elementor-element-25abba4 bulletpoints elementor-widget elementor-widget-text-editor\" data-id=\"25abba4\" data-element_type=\"widget\" data-widget_type=\"text-editor.default\">\n\t\t\t\t<div class=\"elementor-widget-container\">\n\t\t\t\t\t\t\t\t\t<p>Elektronische Ger\u00e4te und Systeme bestimmen und gew\u00e4hrleisten in hohem Ma\u00dfe das Funktionieren der modernen Industriegesellschaften. Je tiefer sie in unser t\u00e4gliches Leben vordringen, desto st\u00e4rker sind die Anforderungen an ihren zuverl\u00e4ssigen, sicheren und gefahrlosen Betrieb. Je nach Einsatzgebiet und Zweck sind unterschiedliche Normen, Standards und Regelwerke zu erf\u00fcllen, die einen zuverl\u00e4ssigen, sicheren und dauerhaften Betrieb gew\u00e4hrleisten sollen.  <\/p><p>Um diesen Anspr\u00fcchen und sehr oft marktspezifischen Anforderungen gerecht zu werden, unterst\u00fctzen wir unsere Kunden in allen Projektphasen dabei, die entsprechenden Auflagen oder Normen zu erf\u00fcllen und die daf\u00fcr notwendigen Zertifizierungen zu erhalten.<\/p>\t\t\t\t\t\t\t\t<\/div>\n\t\t\t\t<\/div>\n\t\t<div class=\"elementor-element elementor-element-951c6b6 e-con-full e-flex e-con e-child\" data-id=\"951c6b6\" data-element_type=\"container\">\n\t\t<div class=\"elementor-element elementor-element-95b4b52 e-con-full e-flex e-con e-child\" data-id=\"95b4b52\" data-element_type=\"container\">\n\t\t\t\t<div class=\"elementor-element elementor-element-79d6ecf elementor-widget__width-initial bulletpoints elementor-widget elementor-widget-text-editor\" data-id=\"79d6ecf\" data-element_type=\"widget\" data-widget_type=\"text-editor.default\">\n\t\t\t\t<div class=\"elementor-widget-container\">\n\t\t\t\t\t\t\t\t\t<p>Dies umfasst Normen und Richtlinien beispielsweise in den Bereichen:<\/p><ul><li>Richtlinie \u00fcber die elektromagnetische Vertr\u00e4glichkeit, CE-Konformit\u00e4t, \u00dcberspannungsschutz<\/li><li>Schock, Vibration<\/li><li>Erweiterte Temperaturanforderungen f\u00fcr Marktsegmente wie Automobil, Industrie, Baumaschinen, Medizin, Transport, Eisenbahn, Avionik oder Verteidigung<\/li><li>Funktionale Sicherheit, z.B. SIL, DO<\/li><li>Umweltbedingungen, z. B. Salzwasser, Staub, chemisch aggressive Stoffe<\/li><\/ul><p> <\/p><p>Unter anderem haben wir Projekte realisiert, die den Normen IEC61508, DO-160 oder EN50155 entsprechen. MicroSys ist nach ISO 9001:2015 zertifiziert. <\/p>\t\t\t\t\t\t\t\t<\/div>\n\t\t\t\t<\/div>\n\t\t\t\t<\/div>\n\t\t\t\t<\/div>\n\t\t\t\t\t<\/div>\n\t\t\t\t<\/div>\n\t\t<div class=\"elementor-element elementor-element-0bcaf43 custom-padding e-flex e-con-boxed elementor-invisible e-con e-parent\" data-id=\"0bcaf43\" data-element_type=\"container\" data-settings=\"{&quot;animation&quot;:&quot;fadeIn&quot;,&quot;animation_delay&quot;:200}\">\n\t\t\t\t\t<div class=\"e-con-inner\">\n\t\t\t\t<div class=\"elementor-element elementor-element-8b59696 elementor-widget elementor-widget-heading\" data-id=\"8b59696\" data-element_type=\"widget\" data-widget_type=\"heading.default\">\n\t\t\t\t<div class=\"elementor-widget-container\">\n\t\t\t\t\t<h2 class=\"elementor-heading-title elementor-size-default\">Produktlebenszyklus-Management \u2013 Langlebigkeit des Angebots<\/h2>\t\t\t\t<\/div>\n\t\t\t\t<\/div>\n\t\t\t\t<div class=\"elementor-element elementor-element-112a892 bulletpoints elementor-widget elementor-widget-text-editor\" data-id=\"112a892\" data-element_type=\"widget\" data-widget_type=\"text-editor.default\">\n\t\t\t\t<div class=\"elementor-widget-container\">\n\t\t\t\t\t\t\t\t\t<p>Die typische Produktlebensdauer in unserer Embedded-Umgebung betr\u00e4gt 10 Jahre und mehr. Durch die Auswahl geeigneter elektronischer Komponenten, des entsprechenden Designs, der Entwicklungsverfahren und Fertigungsmethoden sowie der Lieferanten erf\u00fcllen oder \u00fcbertreffen wir diese Marktanforderungen. <\/p>\t\t\t\t\t\t\t\t<\/div>\n\t\t\t\t<\/div>\n\t\t\t\t\t<\/div>\n\t\t\t\t<\/div>\n\t\t<div class=\"elementor-element elementor-element-12be4c8 custom-padding e-flex e-con-boxed e-con e-parent\" data-id=\"12be4c8\" data-element_type=\"container\" data-settings=\"{&quot;background_background&quot;:&quot;classic&quot;}\">\n\t\t\t\t\t<div class=\"e-con-inner\">\n\t\t<div class=\"elementor-element elementor-element-b77b827 e-con-full e-flex elementor-invisible e-con e-child\" data-id=\"b77b827\" data-element_type=\"container\" data-settings=\"{&quot;animation&quot;:&quot;fadeIn&quot;}\">\n\t\t<div class=\"elementor-element elementor-element-c06440c e-con-full e-flex e-con e-child\" data-id=\"c06440c\" data-element_type=\"container\" data-settings=\"{&quot;background_background&quot;:&quot;classic&quot;}\">\n\t\t\t\t<div class=\"elementor-element elementor-element-9732e16 elementor-widget elementor-widget-heading\" data-id=\"9732e16\" data-element_type=\"widget\" data-widget_type=\"heading.default\">\n\t\t\t\t<div class=\"elementor-widget-container\">\n\t\t\t\t\t<h3 class=\"elementor-heading-title elementor-size-default\">Produkt &amp; Dienstleistungen<\/h3>\t\t\t\t<\/div>\n\t\t\t\t<\/div>\n\t\t\t\t<div class=\"elementor-element elementor-element-f8a52b1 elementor-widget elementor-widget-text-editor\" data-id=\"f8a52b1\" data-element_type=\"widget\" data-widget_type=\"text-editor.default\">\n\t\t\t\t<div class=\"elementor-widget-container\">\n\t\t\t\t\t\t\t\t\t<p>MicroSys bietet innovative L\u00f6sungen f\u00fcr Ihre individuellen Anforderungen. Verschaffen Sie sich einen \u00dcberblick \u00fcber unsere Produkte &amp; Services. <\/p>\t\t\t\t\t\t\t\t<\/div>\n\t\t\t\t<\/div>\n\t\t\t\t<div class=\"elementor-element elementor-element-a7f7799 elementor-align-center elementor-widget elementor-widget-button\" data-id=\"a7f7799\" data-element_type=\"widget\" data-widget_type=\"button.default\">\n\t\t\t\t<div class=\"elementor-widget-container\">\n\t\t\t\t\t\t\t\t\t<div class=\"elementor-button-wrapper\">\n\t\t\t\t\t<a class=\"elementor-button elementor-button-link elementor-size-sm\" href=\"https:\/\/microsys.de\/de\/products-services\/\">\n\t\t\t\t\t\t<span class=\"elementor-button-content-wrapper\">\n\t\t\t\t\t\t\t\t\t<span class=\"elementor-button-text\">Mehr erfahren<\/span>\n\t\t\t\t\t<\/span>\n\t\t\t\t\t<\/a>\n\t\t\t\t<\/div>\n\t\t\t\t\t\t\t\t<\/div>\n\t\t\t\t<\/div>\n\t\t\t\t<\/div>\n\t\t<div class=\"elementor-element elementor-element-357c601 e-con-full e-flex e-con e-child\" data-id=\"357c601\" data-element_type=\"container\" data-settings=\"{&quot;background_background&quot;:&quot;classic&quot;}\">\n\t\t\t\t<div class=\"elementor-element elementor-element-b4f816a elementor-widget elementor-widget-heading\" data-id=\"b4f816a\" data-element_type=\"widget\" data-widget_type=\"heading.default\">\n\t\t\t\t<div class=\"elementor-widget-container\">\n\t\t\t\t\t<h3 class=\"elementor-heading-title elementor-size-default\">Kontakt<\/h3>\t\t\t\t<\/div>\n\t\t\t\t<\/div>\n\t\t\t\t<div class=\"elementor-element elementor-element-42b6224 elementor-widget elementor-widget-text-editor\" data-id=\"42b6224\" data-element_type=\"widget\" data-widget_type=\"text-editor.default\">\n\t\t\t\t<div class=\"elementor-widget-container\">\n\t\t\t\t\t\t\t\t\t<div class=\"box-info-padding\"><p>Haben Sie Fragen zu MicroSys, unseren Produkten oder Dienstleistungen? Wir freuen uns auf Ihre Anfrage und werden uns pers\u00f6nlich darum k\u00fcmmern. Hier finden Sie eine \u00dcbersicht, wie Sie uns erreichen k\u00f6nnen.  <\/p><\/div>\t\t\t\t\t\t\t\t<\/div>\n\t\t\t\t<\/div>\n\t\t\t\t<div class=\"elementor-element elementor-element-7b323f1 elementor-align-center elementor-widget elementor-widget-button\" data-id=\"7b323f1\" data-element_type=\"widget\" data-widget_type=\"button.default\">\n\t\t\t\t<div class=\"elementor-widget-container\">\n\t\t\t\t\t\t\t\t\t<div class=\"elementor-button-wrapper\">\n\t\t\t\t\t<a class=\"elementor-button elementor-button-link elementor-size-sm\" href=\"\/contact\">\n\t\t\t\t\t\t<span class=\"elementor-button-content-wrapper\">\n\t\t\t\t\t\t\t\t\t<span class=\"elementor-button-text\">Kontaktieren Sie uns<\/span>\n\t\t\t\t\t<\/span>\n\t\t\t\t\t<\/a>\n\t\t\t\t<\/div>\n\t\t\t\t\t\t\t\t<\/div>\n\t\t\t\t<\/div>\n\t\t\t\t<\/div>\n\t\t\t\t<\/div>\n\t\t\t\t\t<\/div>\n\t\t\t\t<\/div>\n\t\t\t\t<\/div>\n\t\t","protected":false},"excerpt":{"rendered":"<p>Dienstleistungen Unser Team aus erfahrenen Technikern, Beratern und Entwicklern unterst\u00fctzt Sie bei der Implementierung Ihrer individuellen L\u00f6sung. Zertifizierungen \u2013 Standards und Dienstleistungen f\u00fcr spezielle M\u00e4rkte Elektronische Ger\u00e4te und Systeme bestimmen und gew\u00e4hrleisten in hohem Ma\u00dfe das Funktionieren der modernen Industriegesellschaften. Je tiefer sie in unser t\u00e4gliches Leben vordringen, desto st\u00e4rker sind die Anforderungen an ihren [&hellip;]<\/p>\n","protected":false},"author":1,"featured_media":0,"parent":0,"menu_order":0,"comment_status":"closed","ping_status":"closed","template":"","meta":{"_acf_changed":false,"footnotes":""},"class_list":["post-8501","page","type-page","status-publish","hentry"],"acf":[],"yoast_head":"<!-- This site is optimized with the Yoast SEO plugin v27.3 - https:\/\/yoast.com\/product\/yoast-seo-wordpress\/ -->\n<title>MicroSys: Zertifizierungen und Lifecycle-Services<\/title>\n<meta name=\"description\" content=\"MicroSys bietet fachkundige Zertifizierungsdienste und Produktlebenszyklusmanagement an, um den zuverl\u00e4ssigen und sicheren Betrieb von eingebetteten Systemen zu gew\u00e4hrleisten.\" \/>\n<meta name=\"robots\" content=\"index, follow, max-snippet:-1, max-image-preview:large, max-video-preview:-1\" \/>\n<link rel=\"canonical\" href=\"https:\/\/microsys.de\/de\/dienstleistungen\/\" \/>\n<meta property=\"og:locale\" content=\"de_DE\" \/>\n<meta property=\"og:type\" content=\"article\" \/>\n<meta property=\"og:title\" content=\"MicroSys: Zertifizierungen und Lifecycle-Services\" \/>\n<meta property=\"og:description\" content=\"MicroSys bietet fachkundige Zertifizierungsdienste und Produktlebenszyklusmanagement an, um den zuverl\u00e4ssigen und sicheren Betrieb von eingebetteten Systemen zu gew\u00e4hrleisten.\" \/>\n<meta property=\"og:url\" content=\"https:\/\/microsys.de\/de\/dienstleistungen\/\" \/>\n<meta property=\"og:site_name\" content=\"MicroSys\" \/>\n<meta property=\"article:modified_time\" content=\"2025-12-22T16:01:07+00:00\" \/>\n<meta name=\"twitter:card\" content=\"summary_large_image\" \/>\n<meta name=\"twitter:label1\" content=\"Gesch\u00e4tzte Lesezeit\" \/>\n\t<meta name=\"twitter:data1\" content=\"1\u00a0Minute\" \/>\n<script type=\"application\/ld+json\" class=\"yoast-schema-graph\">{\"@context\":\"https:\\\/\\\/schema.org\",\"@graph\":[{\"@type\":\"WebPage\",\"@id\":\"https:\\\/\\\/microsys.de\\\/de\\\/dienstleistungen\\\/\",\"url\":\"https:\\\/\\\/microsys.de\\\/de\\\/dienstleistungen\\\/\",\"name\":\"MicroSys: Zertifizierungen und Lifecycle-Services\",\"isPartOf\":{\"@id\":\"https:\\\/\\\/microsys.de\\\/de\\\/#website\"},\"datePublished\":\"2025-02-10T15:40:29+00:00\",\"dateModified\":\"2025-12-22T16:01:07+00:00\",\"description\":\"MicroSys bietet fachkundige Zertifizierungsdienste und Produktlebenszyklusmanagement an, um den zuverl\u00e4ssigen und sicheren Betrieb von eingebetteten Systemen zu gew\u00e4hrleisten.\",\"breadcrumb\":{\"@id\":\"https:\\\/\\\/microsys.de\\\/de\\\/dienstleistungen\\\/#breadcrumb\"},\"inLanguage\":\"de\",\"potentialAction\":[{\"@type\":\"ReadAction\",\"target\":[\"https:\\\/\\\/microsys.de\\\/de\\\/dienstleistungen\\\/\"]}]},{\"@type\":\"BreadcrumbList\",\"@id\":\"https:\\\/\\\/microsys.de\\\/de\\\/dienstleistungen\\\/#breadcrumb\",\"itemListElement\":[{\"@type\":\"ListItem\",\"position\":1,\"name\":\"Home\",\"item\":\"https:\\\/\\\/microsys.de\\\/de\\\/\"},{\"@type\":\"ListItem\",\"position\":2,\"name\":\"Dienstleistungen\"}]},{\"@type\":\"WebSite\",\"@id\":\"https:\\\/\\\/microsys.de\\\/de\\\/#website\",\"url\":\"https:\\\/\\\/microsys.de\\\/de\\\/\",\"name\":\"MicroSys\",\"description\":\"Creating Embedded Systems\",\"publisher\":{\"@id\":\"https:\\\/\\\/microsys.de\\\/de\\\/#organization\"},\"potentialAction\":[{\"@type\":\"SearchAction\",\"target\":{\"@type\":\"EntryPoint\",\"urlTemplate\":\"https:\\\/\\\/microsys.de\\\/de\\\/?s={search_term_string}\"},\"query-input\":{\"@type\":\"PropertyValueSpecification\",\"valueRequired\":true,\"valueName\":\"search_term_string\"}}],\"inLanguage\":\"de\"},{\"@type\":\"Organization\",\"@id\":\"https:\\\/\\\/microsys.de\\\/de\\\/#organization\",\"name\":\"MicroSys Electronics GmbH\",\"url\":\"https:\\\/\\\/microsys.de\\\/de\\\/\",\"logo\":{\"@type\":\"ImageObject\",\"inLanguage\":\"de\",\"@id\":\"https:\\\/\\\/microsys.de\\\/de\\\/#\\\/schema\\\/logo\\\/image\\\/\",\"url\":\"https:\\\/\\\/microsys.de\\\/wp-content\\\/uploads\\\/2024\\\/12\\\/Microsys_Logo_Embedded_Solutions.png\",\"contentUrl\":\"https:\\\/\\\/microsys.de\\\/wp-content\\\/uploads\\\/2024\\\/12\\\/Microsys_Logo_Embedded_Solutions.png\",\"width\":532,\"height\":125,\"caption\":\"MicroSys Electronics GmbH\"},\"image\":{\"@id\":\"https:\\\/\\\/microsys.de\\\/de\\\/#\\\/schema\\\/logo\\\/image\\\/\"}}]}<\/script>\n<!-- \/ Yoast SEO plugin. -->","yoast_head_json":{"title":"MicroSys: Zertifizierungen und Lifecycle-Services","description":"MicroSys bietet fachkundige Zertifizierungsdienste und Produktlebenszyklusmanagement an, um den zuverl\u00e4ssigen und sicheren Betrieb von eingebetteten Systemen zu gew\u00e4hrleisten.","robots":{"index":"index","follow":"follow","max-snippet":"max-snippet:-1","max-image-preview":"max-image-preview:large","max-video-preview":"max-video-preview:-1"},"canonical":"https:\/\/microsys.de\/de\/dienstleistungen\/","og_locale":"de_DE","og_type":"article","og_title":"MicroSys: Zertifizierungen und Lifecycle-Services","og_description":"MicroSys bietet fachkundige Zertifizierungsdienste und Produktlebenszyklusmanagement an, um den zuverl\u00e4ssigen und sicheren Betrieb von eingebetteten Systemen zu gew\u00e4hrleisten.","og_url":"https:\/\/microsys.de\/de\/dienstleistungen\/","og_site_name":"MicroSys","article_modified_time":"2025-12-22T16:01:07+00:00","twitter_card":"summary_large_image","twitter_misc":{"Gesch\u00e4tzte Lesezeit":"1\u00a0Minute"},"schema":{"@context":"https:\/\/schema.org","@graph":[{"@type":"WebPage","@id":"https:\/\/microsys.de\/de\/dienstleistungen\/","url":"https:\/\/microsys.de\/de\/dienstleistungen\/","name":"MicroSys: Zertifizierungen und Lifecycle-Services","isPartOf":{"@id":"https:\/\/microsys.de\/de\/#website"},"datePublished":"2025-02-10T15:40:29+00:00","dateModified":"2025-12-22T16:01:07+00:00","description":"MicroSys bietet fachkundige Zertifizierungsdienste und Produktlebenszyklusmanagement an, um den zuverl\u00e4ssigen und sicheren Betrieb von eingebetteten Systemen zu gew\u00e4hrleisten.","breadcrumb":{"@id":"https:\/\/microsys.de\/de\/dienstleistungen\/#breadcrumb"},"inLanguage":"de","potentialAction":[{"@type":"ReadAction","target":["https:\/\/microsys.de\/de\/dienstleistungen\/"]}]},{"@type":"BreadcrumbList","@id":"https:\/\/microsys.de\/de\/dienstleistungen\/#breadcrumb","itemListElement":[{"@type":"ListItem","position":1,"name":"Home","item":"https:\/\/microsys.de\/de\/"},{"@type":"ListItem","position":2,"name":"Dienstleistungen"}]},{"@type":"WebSite","@id":"https:\/\/microsys.de\/de\/#website","url":"https:\/\/microsys.de\/de\/","name":"MicroSys","description":"Creating Embedded Systems","publisher":{"@id":"https:\/\/microsys.de\/de\/#organization"},"potentialAction":[{"@type":"SearchAction","target":{"@type":"EntryPoint","urlTemplate":"https:\/\/microsys.de\/de\/?s={search_term_string}"},"query-input":{"@type":"PropertyValueSpecification","valueRequired":true,"valueName":"search_term_string"}}],"inLanguage":"de"},{"@type":"Organization","@id":"https:\/\/microsys.de\/de\/#organization","name":"MicroSys Electronics GmbH","url":"https:\/\/microsys.de\/de\/","logo":{"@type":"ImageObject","inLanguage":"de","@id":"https:\/\/microsys.de\/de\/#\/schema\/logo\/image\/","url":"https:\/\/microsys.de\/wp-content\/uploads\/2024\/12\/Microsys_Logo_Embedded_Solutions.png","contentUrl":"https:\/\/microsys.de\/wp-content\/uploads\/2024\/12\/Microsys_Logo_Embedded_Solutions.png","width":532,"height":125,"caption":"MicroSys Electronics GmbH"},"image":{"@id":"https:\/\/microsys.de\/de\/#\/schema\/logo\/image\/"}}]}},"_links":{"self":[{"href":"https:\/\/microsys.de\/de\/wp-json\/wp\/v2\/pages\/8501","targetHints":{"allow":["GET"]}}],"collection":[{"href":"https:\/\/microsys.de\/de\/wp-json\/wp\/v2\/pages"}],"about":[{"href":"https:\/\/microsys.de\/de\/wp-json\/wp\/v2\/types\/page"}],"author":[{"embeddable":true,"href":"https:\/\/microsys.de\/de\/wp-json\/wp\/v2\/users\/1"}],"replies":[{"embeddable":true,"href":"https:\/\/microsys.de\/de\/wp-json\/wp\/v2\/comments?post=8501"}],"version-history":[{"count":2,"href":"https:\/\/microsys.de\/de\/wp-json\/wp\/v2\/pages\/8501\/revisions"}],"predecessor-version":[{"id":10779,"href":"https:\/\/microsys.de\/de\/wp-json\/wp\/v2\/pages\/8501\/revisions\/10779"}],"wp:attachment":[{"href":"https:\/\/microsys.de\/de\/wp-json\/wp\/v2\/media?parent=8501"}],"curies":[{"name":"wp","href":"https:\/\/api.w.org\/{rel}","templated":true}]}}