{"id":8429,"date":"2025-01-31T13:08:37","date_gmt":"2025-01-31T13:08:37","guid":{"rendered":"https:\/\/zm7h237e.web141.alfahosting-server.de\/karriere\/"},"modified":"2025-03-07T08:58:25","modified_gmt":"2025-03-07T08:58:25","slug":"karriere","status":"publish","type":"page","link":"https:\/\/microsys.de\/de\/karriere\/","title":{"rendered":"Karriere"},"content":{"rendered":"\t\t<div data-elementor-type=\"wp-page\" data-elementor-id=\"8429\" class=\"elementor elementor-8429 elementor-4609\" data-elementor-post-type=\"page\">\n\t\t\t\t<div class=\"elementor-element elementor-element-208718d e-flex e-con-boxed elementor-invisible e-con e-parent\" data-id=\"208718d\" data-element_type=\"container\" data-settings=\"{&quot;background_background&quot;:&quot;classic&quot;,&quot;animation&quot;:&quot;fadeIn&quot;}\">\n\t\t\t\t\t<div class=\"e-con-inner\">\n\t\t\t\t<div class=\"elementor-element elementor-element-98d71d6 elementor-widget__width-inherit elementor-invisible elementor-widget elementor-widget-heading\" data-id=\"98d71d6\" data-element_type=\"widget\" data-settings=\"{&quot;_animation&quot;:&quot;fadeIn&quot;,&quot;_animation_mobile&quot;:&quot;none&quot;,&quot;_animation_delay&quot;:300}\" data-widget_type=\"heading.default\">\n\t\t\t\t<div class=\"elementor-widget-container\">\n\t\t\t\t\t<h1 class=\"elementor-heading-title elementor-size-default\">Starten Sie Ihre Karriere mit MicroSys<\/h1>\t\t\t\t<\/div>\n\t\t\t\t<\/div>\n\t\t\t\t\t<\/div>\n\t\t\t\t<\/div>\n\t\t<div class=\"elementor-element elementor-element-4584c1f custom-padding e-flex e-con-boxed e-con e-parent\" data-id=\"4584c1f\" data-element_type=\"container\">\n\t\t\t\t\t<div class=\"e-con-inner\">\n\t\t\t\t<div class=\"elementor-element elementor-element-64c9792 elementor-widget elementor-widget-heading\" data-id=\"64c9792\" data-element_type=\"widget\" data-widget_type=\"heading.default\">\n\t\t\t\t<div class=\"elementor-widget-container\">\n\t\t\t\t\t<h2 class=\"elementor-heading-title elementor-size-default\">Aktuelle Stellenangebote bei MicroSys<\/h2>\t\t\t\t<\/div>\n\t\t\t\t<\/div>\n\t\t\t\t<div class=\"elementor-element elementor-element-f6e331f elementor-widget elementor-widget-text-editor\" data-id=\"f6e331f\" data-element_type=\"widget\" data-widget_type=\"text-editor.default\">\n\t\t\t\t<div class=\"elementor-widget-container\">\n\t\t\t\t\t\t\t\t\t<p>Erfahren Sie hier mehr und informieren Sie sich \u00fcber unsere aktuellen Vakanzen. Wir freuen uns auf Ihre Bewerbung. <\/p>\t\t\t\t\t\t\t\t<\/div>\n\t\t\t\t<\/div>\n\t\t\t\t<div class=\"elementor-element elementor-element-8b01498 elementor-grid-1 elementor-posts--thumbnail-none elementor-grid-tablet-2 elementor-grid-mobile-1 elementor-posts__hover-gradient load-more-align-center elementor-widget elementor-widget-posts\" data-id=\"8b01498\" data-element_type=\"widget\" data-settings=\"{&quot;cards_columns&quot;:&quot;1&quot;,&quot;pagination_type&quot;:&quot;load_more_on_click&quot;,&quot;cards_columns_tablet&quot;:&quot;2&quot;,&quot;cards_columns_mobile&quot;:&quot;1&quot;,&quot;cards_row_gap&quot;:{&quot;unit&quot;:&quot;px&quot;,&quot;size&quot;:35,&quot;sizes&quot;:[]},&quot;cards_row_gap_tablet&quot;:{&quot;unit&quot;:&quot;px&quot;,&quot;size&quot;:&quot;&quot;,&quot;sizes&quot;:[]},&quot;cards_row_gap_mobile&quot;:{&quot;unit&quot;:&quot;px&quot;,&quot;size&quot;:&quot;&quot;,&quot;sizes&quot;:[]},&quot;load_more_spinner&quot;:{&quot;value&quot;:&quot;fas fa-spinner&quot;,&quot;library&quot;:&quot;fa-solid&quot;}}\" data-widget_type=\"posts.cards\">\n\t\t\t\t<div class=\"elementor-widget-container\">\n\t\t\t\t\t\t\t<div class=\"elementor-posts-container elementor-posts elementor-posts--skin-cards elementor-grid\">\n\t\t\t\t<article class=\"elementor-post elementor-grid-item post-9566 job type-job status-publish hentry\">\n\t\t\t<div class=\"elementor-post__card\">\n\t\t\t\t<div class=\"elementor-post__text\">\n\t\t\t\t<h3 class=\"elementor-post__title\">\n\t\t\t<a href=\"https:\/\/microsys.de\/de\/job\/embedded-software-developer-m-w-d-system-on-modules\/\" >\n\t\t\t\tEmbedded Software Developer (m\/w\/d) &#8211; System on Modules\t\t\t<\/a>\n\t\t<\/h3>\n\t\t\n\t\t<a class=\"elementor-post__read-more\" href=\"https:\/\/microsys.de\/de\/job\/embedded-software-developer-m-w-d-system-on-modules\/\" aria-label=\"Mehr \u00fcber Embedded Software Developer (m\/w\/d) &#8211; System on Modules\" tabindex=\"-1\" >\n\t\t\tMehr erfahren \u00bb\t\t<\/a>\n\n\t\t\t\t<\/div>\n\t\t\t\t\t<\/div>\n\t\t<\/article>\n\t\t\t\t<\/div>\n\t\t\t\t\t<span class=\"e-load-more-spinner\">\n\t\t\t\t<svg aria-hidden=\"true\" class=\"e-font-icon-svg e-fas-spinner\" viewBox=\"0 0 512 512\" xmlns=\"http:\/\/www.w3.org\/2000\/svg\"><path d=\"M304 48c0 26.51-21.49 48-48 48s-48-21.49-48-48 21.49-48 48-48 48 21.49 48 48zm-48 368c-26.51 0-48 21.49-48 48s21.49 48 48 48 48-21.49 48-48-21.49-48-48-48zm208-208c-26.51 0-48 21.49-48 48s21.49 48 48 48 48-21.49 48-48-21.49-48-48-48zM96 256c0-26.51-21.49-48-48-48S0 229.49 0 256s21.49 48 48 48 48-21.49 48-48zm12.922 99.078c-26.51 0-48 21.49-48 48s21.49 48 48 48 48-21.49 48-48c0-26.509-21.491-48-48-48zm294.156 0c-26.51 0-48 21.49-48 48s21.49 48 48 48 48-21.49 48-48c0-26.509-21.49-48-48-48zM108.922 60.922c-26.51 0-48 21.49-48 48s21.49 48 48 48 48-21.49 48-48-21.491-48-48-48z\"><\/path><\/svg>\t\t\t<\/span>\n\t\t\n\t\t\t\t\t\t<\/div>\n\t\t\t\t<\/div>\n\t\t\t\t\t<\/div>\n\t\t\t\t<\/div>\n\t\t<div class=\"elementor-element elementor-element-12d8c1e e-flex e-con-boxed e-con e-parent\" data-id=\"12d8c1e\" data-element_type=\"container\">\n\t\t\t\t\t<div class=\"e-con-inner\">\n\t\t\t\t<div class=\"elementor-element elementor-element-800e7c7 elementor-widget-divider--view-line elementor-widget elementor-widget-divider\" data-id=\"800e7c7\" data-element_type=\"widget\" data-widget_type=\"divider.default\">\n\t\t\t\t<div class=\"elementor-widget-container\">\n\t\t\t\t\t\t\t<div class=\"elementor-divider\">\n\t\t\t<span class=\"elementor-divider-separator\">\n\t\t\t\t\t\t<\/span>\n\t\t<\/div>\n\t\t\t\t\t\t<\/div>\n\t\t\t\t<\/div>\n\t\t\t\t\t<\/div>\n\t\t\t\t<\/div>\n\t\t<div class=\"elementor-element elementor-element-0b069a7 custom-padding e-flex e-con-boxed e-con e-parent\" data-id=\"0b069a7\" data-element_type=\"container\">\n\t\t\t\t\t<div class=\"e-con-inner\">\n\t\t\t\t<div class=\"elementor-element elementor-element-a7ab307 elementor-widget elementor-widget-heading\" data-id=\"a7ab307\" data-element_type=\"widget\" data-widget_type=\"heading.default\">\n\t\t\t\t<div class=\"elementor-widget-container\">\n\t\t\t\t\t<h2 class=\"elementor-heading-title elementor-size-default\">Initiativbewerbung<\/h2>\t\t\t\t<\/div>\n\t\t\t\t<\/div>\n\t\t\t\t<div class=\"elementor-element elementor-element-eb2d263 elementor-widget elementor-widget-text-editor\" data-id=\"eb2d263\" data-element_type=\"widget\" data-widget_type=\"text-editor.default\">\n\t\t\t\t<div class=\"elementor-widget-container\">\n\t\t\t\t\t\t\t\t\t<p>Kein passendes Stellenangebot gefunden? Wir freuen uns auf Ihre Initiativbewerbung! <\/p>\t\t\t\t\t\t\t\t<\/div>\n\t\t\t\t<\/div>\n\t\t\t\t<div class=\"elementor-element elementor-element-31b994f elementor-widget__width-initial elementor-button-align-stretch elementor-widget elementor-widget-form\" data-id=\"31b994f\" data-element_type=\"widget\" data-settings=\"{&quot;button_width&quot;:&quot;20&quot;,&quot;step_next_label&quot;:&quot;Next&quot;,&quot;step_previous_label&quot;:&quot;Previous&quot;,&quot;step_type&quot;:&quot;number_text&quot;,&quot;step_icon_shape&quot;:&quot;circle&quot;}\" data-widget_type=\"form.default\">\n\t\t\t\t<div class=\"elementor-widget-container\">\n\t\t\t\t\t\t\t<form class=\"elementor-form\" method=\"post\" name=\"Karriere DE\">\n\t\t\t<input type=\"hidden\" name=\"post_id\" value=\"8429\"\/>\n\t\t\t<input type=\"hidden\" name=\"form_id\" value=\"31b994f\"\/>\n\t\t\t<input type=\"hidden\" name=\"referer_title\" value=\"MicroSys\" \/>\n\n\t\t\t\n\t\t\t<div class=\"elementor-form-fields-wrapper elementor-labels-\">\n\t\t\t\t\t\t\t\t<div class=\"elementor-field-type-text elementor-field-group elementor-column elementor-field-group-firstname elementor-col-50 elementor-field-required\">\n\t\t\t\t\t\t\t\t\t\t\t\t<label for=\"form-field-firstname\" class=\"elementor-field-label elementor-screen-only\">\n\t\t\t\t\t\t\t\tVorname\t\t\t\t\t\t\t<\/label>\n\t\t\t\t\t\t\t\t\t\t\t\t\t\t<input size=\"1\" type=\"text\" name=\"form_fields[firstname]\" id=\"form-field-firstname\" class=\"elementor-field elementor-size-sm  elementor-field-textual\" placeholder=\"Vorname\" required=\"required\">\n\t\t\t\t\t\t\t\t\t\t\t<\/div>\n\t\t\t\t\t\t\t\t<div class=\"elementor-field-type-text elementor-field-group elementor-column elementor-field-group-lastname elementor-col-50\">\n\t\t\t\t\t\t\t\t\t\t\t\t<label for=\"form-field-lastname\" class=\"elementor-field-label elementor-screen-only\">\n\t\t\t\t\t\t\t\tNachname\t\t\t\t\t\t\t<\/label>\n\t\t\t\t\t\t\t\t\t\t\t\t\t\t<input size=\"1\" type=\"text\" name=\"form_fields[lastname]\" id=\"form-field-lastname\" class=\"elementor-field elementor-size-sm  elementor-field-textual\" placeholder=\"Nachname\">\n\t\t\t\t\t\t\t\t\t\t\t<\/div>\n\t\t\t\t\t\t\t\t<div class=\"elementor-field-type-email elementor-field-group elementor-column elementor-field-group-email elementor-col-100 elementor-field-required\">\n\t\t\t\t\t\t\t\t\t\t\t\t<label for=\"form-field-email\" class=\"elementor-field-label elementor-screen-only\">\n\t\t\t\t\t\t\t\tE-Mail\t\t\t\t\t\t\t<\/label>\n\t\t\t\t\t\t\t\t\t\t\t\t\t\t<input size=\"1\" type=\"email\" name=\"form_fields[email]\" id=\"form-field-email\" class=\"elementor-field elementor-size-sm  elementor-field-textual\" placeholder=\"E-Mail\" required=\"required\">\n\t\t\t\t\t\t\t\t\t\t\t<\/div>\n\t\t\t\t\t\t\t\t<div class=\"elementor-field-type-textarea elementor-field-group elementor-column elementor-field-group-message elementor-col-100\">\n\t\t\t\t\t\t\t\t\t\t\t\t<label for=\"form-field-message\" class=\"elementor-field-label elementor-screen-only\">\n\t\t\t\t\t\t\t\tNachricht\t\t\t\t\t\t\t<\/label>\n\t\t\t\t\t\t<textarea class=\"elementor-field-textual elementor-field  elementor-size-sm\" name=\"form_fields[message]\" id=\"form-field-message\" rows=\"4\" placeholder=\"Nachricht\"><\/textarea>\t\t\t\t<\/div>\n\t\t\t\t\t\t\t\t<div class=\"elementor-field-type-upload elementor-field-group elementor-column elementor-field-group-attachment elementor-col-100\">\n\t\t\t\t\t\t\t<input type=\"file\" name=\"form_fields[attachment][]\" id=\"form-field-attachment\" class=\"elementor-field elementor-size-sm  elementor-upload-field\" multiple=\"multiple\" data-maxsize=\"10\" data-maxsize-message=\"Diese Datei \u00fcbersteigt die maximale Dateigr\u00f6\u00dfe.\">\n\n\t\t\t\t\t\t<\/div>\n\t\t\t\t\t\t\t\t<div class=\"elementor-field-group elementor-column elementor-field-type-submit elementor-col-20 e-form__buttons\">\n\t\t\t\t\t<button class=\"elementor-button elementor-size-sm\" type=\"submit\">\n\t\t\t\t\t\t<span class=\"elementor-button-content-wrapper\">\n\t\t\t\t\t\t\t\t\t\t\t\t\t\t\t\t\t\t\t\t\t\t<span class=\"elementor-button-text\">Senden<\/span>\n\t\t\t\t\t\t\t\t\t\t\t\t\t<\/span>\n\t\t\t\t\t<\/button>\n\t\t\t\t<\/div>\n\t\t\t<\/div>\n\t\t<\/form>\n\t\t\t\t\t\t<\/div>\n\t\t\t\t<\/div>\n\t\t\t\t\t<\/div>\n\t\t\t\t<\/div>\n\t\t\t\t<\/div>\n\t\t","protected":false},"excerpt":{"rendered":"<p>Starten Sie Ihre Karriere mit MicroSys Aktuelle Stellenangebote bei MicroSys Erfahren Sie hier mehr und informieren Sie sich \u00fcber unsere aktuellen Vakanzen. Wir freuen uns<\/p>\n","protected":false},"author":1,"featured_media":0,"parent":0,"menu_order":0,"comment_status":"closed","ping_status":"closed","template":"","meta":{"_acf_changed":false,"footnotes":""},"class_list":["post-8429","page","type-page","status-publish","hentry"],"acf":[],"yoast_head":"<!-- This site is optimized with the Yoast SEO plugin v27.3 - https:\/\/yoast.com\/product\/yoast-seo-wordpress\/ -->\n<title>Karrierem\u00f6glichkeiten bei MicroSys Electronics GmbH<\/title>\n<meta name=\"description\" content=\"Informieren Sie sich \u00fcber aktuelle Stellenangebote bei MicroSys Electronics, einem f\u00fchrenden Anbieter von Embedded-Systeml\u00f6sungen.\" \/>\n<meta name=\"robots\" content=\"index, follow, max-snippet:-1, max-image-preview:large, max-video-preview:-1\" \/>\n<link rel=\"canonical\" href=\"https:\/\/microsys.de\/de\/karriere\/\" \/>\n<meta property=\"og:locale\" content=\"de_DE\" \/>\n<meta property=\"og:type\" content=\"article\" \/>\n<meta property=\"og:title\" content=\"Karrierem\u00f6glichkeiten bei MicroSys Electronics GmbH\" \/>\n<meta property=\"og:description\" content=\"Informieren Sie sich \u00fcber aktuelle Stellenangebote bei MicroSys Electronics, einem f\u00fchrenden Anbieter von Embedded-Systeml\u00f6sungen.\" \/>\n<meta property=\"og:url\" content=\"https:\/\/microsys.de\/de\/karriere\/\" \/>\n<meta property=\"og:site_name\" content=\"MicroSys\" \/>\n<meta property=\"article:modified_time\" content=\"2025-03-07T08:58:25+00:00\" \/>\n<meta name=\"twitter:card\" content=\"summary_large_image\" \/>\n<script type=\"application\/ld+json\" class=\"yoast-schema-graph\">{\"@context\":\"https:\\\/\\\/schema.org\",\"@graph\":[{\"@type\":\"WebPage\",\"@id\":\"https:\\\/\\\/microsys.de\\\/de\\\/karriere\\\/\",\"url\":\"https:\\\/\\\/microsys.de\\\/de\\\/karriere\\\/\",\"name\":\"Karrierem\u00f6glichkeiten bei MicroSys Electronics GmbH\",\"isPartOf\":{\"@id\":\"https:\\\/\\\/microsys.de\\\/de\\\/#website\"},\"datePublished\":\"2025-01-31T13:08:37+00:00\",\"dateModified\":\"2025-03-07T08:58:25+00:00\",\"description\":\"Informieren Sie sich \u00fcber aktuelle Stellenangebote bei MicroSys Electronics, einem f\u00fchrenden Anbieter von Embedded-Systeml\u00f6sungen.\",\"breadcrumb\":{\"@id\":\"https:\\\/\\\/microsys.de\\\/de\\\/karriere\\\/#breadcrumb\"},\"inLanguage\":\"de\",\"potentialAction\":[{\"@type\":\"ReadAction\",\"target\":[\"https:\\\/\\\/microsys.de\\\/de\\\/karriere\\\/\"]}]},{\"@type\":\"BreadcrumbList\",\"@id\":\"https:\\\/\\\/microsys.de\\\/de\\\/karriere\\\/#breadcrumb\",\"itemListElement\":[{\"@type\":\"ListItem\",\"position\":1,\"name\":\"Home\",\"item\":\"https:\\\/\\\/microsys.de\\\/de\\\/\"},{\"@type\":\"ListItem\",\"position\":2,\"name\":\"Karriere\"}]},{\"@type\":\"WebSite\",\"@id\":\"https:\\\/\\\/microsys.de\\\/de\\\/#website\",\"url\":\"https:\\\/\\\/microsys.de\\\/de\\\/\",\"name\":\"MicroSys\",\"description\":\"Creating Embedded Systems\",\"publisher\":{\"@id\":\"https:\\\/\\\/microsys.de\\\/de\\\/#organization\"},\"potentialAction\":[{\"@type\":\"SearchAction\",\"target\":{\"@type\":\"EntryPoint\",\"urlTemplate\":\"https:\\\/\\\/microsys.de\\\/de\\\/?s={search_term_string}\"},\"query-input\":{\"@type\":\"PropertyValueSpecification\",\"valueRequired\":true,\"valueName\":\"search_term_string\"}}],\"inLanguage\":\"de\"},{\"@type\":\"Organization\",\"@id\":\"https:\\\/\\\/microsys.de\\\/de\\\/#organization\",\"name\":\"MicroSys Electronics GmbH\",\"url\":\"https:\\\/\\\/microsys.de\\\/de\\\/\",\"logo\":{\"@type\":\"ImageObject\",\"inLanguage\":\"de\",\"@id\":\"https:\\\/\\\/microsys.de\\\/de\\\/#\\\/schema\\\/logo\\\/image\\\/\",\"url\":\"https:\\\/\\\/microsys.de\\\/wp-content\\\/uploads\\\/2024\\\/12\\\/Microsys_Logo_Embedded_Solutions.png\",\"contentUrl\":\"https:\\\/\\\/microsys.de\\\/wp-content\\\/uploads\\\/2024\\\/12\\\/Microsys_Logo_Embedded_Solutions.png\",\"width\":532,\"height\":125,\"caption\":\"MicroSys Electronics GmbH\"},\"image\":{\"@id\":\"https:\\\/\\\/microsys.de\\\/de\\\/#\\\/schema\\\/logo\\\/image\\\/\"}}]}<\/script>\n<!-- \/ Yoast SEO plugin. -->","yoast_head_json":{"title":"Karrierem\u00f6glichkeiten bei MicroSys Electronics GmbH","description":"Informieren Sie sich \u00fcber aktuelle Stellenangebote bei MicroSys Electronics, einem f\u00fchrenden Anbieter von Embedded-Systeml\u00f6sungen.","robots":{"index":"index","follow":"follow","max-snippet":"max-snippet:-1","max-image-preview":"max-image-preview:large","max-video-preview":"max-video-preview:-1"},"canonical":"https:\/\/microsys.de\/de\/karriere\/","og_locale":"de_DE","og_type":"article","og_title":"Karrierem\u00f6glichkeiten bei MicroSys Electronics GmbH","og_description":"Informieren Sie sich \u00fcber aktuelle Stellenangebote bei MicroSys Electronics, einem f\u00fchrenden Anbieter von Embedded-Systeml\u00f6sungen.","og_url":"https:\/\/microsys.de\/de\/karriere\/","og_site_name":"MicroSys","article_modified_time":"2025-03-07T08:58:25+00:00","twitter_card":"summary_large_image","schema":{"@context":"https:\/\/schema.org","@graph":[{"@type":"WebPage","@id":"https:\/\/microsys.de\/de\/karriere\/","url":"https:\/\/microsys.de\/de\/karriere\/","name":"Karrierem\u00f6glichkeiten bei MicroSys Electronics GmbH","isPartOf":{"@id":"https:\/\/microsys.de\/de\/#website"},"datePublished":"2025-01-31T13:08:37+00:00","dateModified":"2025-03-07T08:58:25+00:00","description":"Informieren Sie sich \u00fcber aktuelle Stellenangebote bei MicroSys Electronics, einem f\u00fchrenden Anbieter von Embedded-Systeml\u00f6sungen.","breadcrumb":{"@id":"https:\/\/microsys.de\/de\/karriere\/#breadcrumb"},"inLanguage":"de","potentialAction":[{"@type":"ReadAction","target":["https:\/\/microsys.de\/de\/karriere\/"]}]},{"@type":"BreadcrumbList","@id":"https:\/\/microsys.de\/de\/karriere\/#breadcrumb","itemListElement":[{"@type":"ListItem","position":1,"name":"Home","item":"https:\/\/microsys.de\/de\/"},{"@type":"ListItem","position":2,"name":"Karriere"}]},{"@type":"WebSite","@id":"https:\/\/microsys.de\/de\/#website","url":"https:\/\/microsys.de\/de\/","name":"MicroSys","description":"Creating Embedded Systems","publisher":{"@id":"https:\/\/microsys.de\/de\/#organization"},"potentialAction":[{"@type":"SearchAction","target":{"@type":"EntryPoint","urlTemplate":"https:\/\/microsys.de\/de\/?s={search_term_string}"},"query-input":{"@type":"PropertyValueSpecification","valueRequired":true,"valueName":"search_term_string"}}],"inLanguage":"de"},{"@type":"Organization","@id":"https:\/\/microsys.de\/de\/#organization","name":"MicroSys Electronics GmbH","url":"https:\/\/microsys.de\/de\/","logo":{"@type":"ImageObject","inLanguage":"de","@id":"https:\/\/microsys.de\/de\/#\/schema\/logo\/image\/","url":"https:\/\/microsys.de\/wp-content\/uploads\/2024\/12\/Microsys_Logo_Embedded_Solutions.png","contentUrl":"https:\/\/microsys.de\/wp-content\/uploads\/2024\/12\/Microsys_Logo_Embedded_Solutions.png","width":532,"height":125,"caption":"MicroSys Electronics GmbH"},"image":{"@id":"https:\/\/microsys.de\/de\/#\/schema\/logo\/image\/"}}]}},"_links":{"self":[{"href":"https:\/\/microsys.de\/de\/wp-json\/wp\/v2\/pages\/8429","targetHints":{"allow":["GET"]}}],"collection":[{"href":"https:\/\/microsys.de\/de\/wp-json\/wp\/v2\/pages"}],"about":[{"href":"https:\/\/microsys.de\/de\/wp-json\/wp\/v2\/types\/page"}],"author":[{"embeddable":true,"href":"https:\/\/microsys.de\/de\/wp-json\/wp\/v2\/users\/1"}],"replies":[{"embeddable":true,"href":"https:\/\/microsys.de\/de\/wp-json\/wp\/v2\/comments?post=8429"}],"version-history":[{"count":0,"href":"https:\/\/microsys.de\/de\/wp-json\/wp\/v2\/pages\/8429\/revisions"}],"wp:attachment":[{"href":"https:\/\/microsys.de\/de\/wp-json\/wp\/v2\/media?parent=8429"}],"curies":[{"name":"wp","href":"https:\/\/api.w.org\/{rel}","templated":true}]}}