{"id":7789,"date":"2025-02-14T11:32:53","date_gmt":"2025-02-14T11:32:53","guid":{"rendered":"https:\/\/zm7h237e.web141.alfahosting-server.de\/impressum\/"},"modified":"2025-02-26T15:30:19","modified_gmt":"2025-02-26T15:30:19","slug":"impressum","status":"publish","type":"page","link":"https:\/\/microsys.de\/de\/impressum\/","title":{"rendered":"Impressum"},"content":{"rendered":"\t\t<div data-elementor-type=\"wp-page\" data-elementor-id=\"7789\" class=\"elementor elementor-7789 elementor-6756\" data-elementor-post-type=\"page\">\n\t\t\t\t<div class=\"elementor-element elementor-element-208718d e-flex e-con-boxed elementor-invisible e-con e-parent\" data-id=\"208718d\" data-element_type=\"container\" data-settings=\"{&quot;background_background&quot;:&quot;classic&quot;,&quot;animation&quot;:&quot;fadeIn&quot;}\">\n\t\t\t\t\t<div class=\"e-con-inner\">\n\t\t\t\t<div class=\"elementor-element elementor-element-98d71d6 elementor-widget__width-inherit elementor-invisible elementor-widget elementor-widget-heading\" data-id=\"98d71d6\" data-element_type=\"widget\" data-settings=\"{&quot;_animation&quot;:&quot;fadeIn&quot;,&quot;_animation_mobile&quot;:&quot;none&quot;,&quot;_animation_delay&quot;:300}\" data-widget_type=\"heading.default\">\n\t\t\t\t<div class=\"elementor-widget-container\">\n\t\t\t\t\t<h1 class=\"elementor-heading-title elementor-size-default\">Impressum MicroSys Electronics GmbH<\/h1>\t\t\t\t<\/div>\n\t\t\t\t<\/div>\n\t\t\t\t\t<\/div>\n\t\t\t\t<\/div>\n\t\t<div class=\"elementor-element elementor-element-4584c1f custom-padding e-flex e-con-boxed e-con e-parent\" data-id=\"4584c1f\" data-element_type=\"container\">\n\t\t\t\t\t<div class=\"e-con-inner\">\n\t\t\t\t<div class=\"elementor-element elementor-element-f6e331f elementor-widget elementor-widget-text-editor\" data-id=\"f6e331f\" data-element_type=\"widget\" data-widget_type=\"text-editor.default\">\n\t\t\t\t<div class=\"elementor-widget-container\">\n\t\t\t\t\t\t\t\t\t<p><strong>Firmenanschrift und Kontakt<\/strong><\/p><p>MicroSys Electronics GmbH<br>M\u00fchlweg 1<br>82054 Sauerlach<br>Deutschland<\/p><p>+49 8104 801-130 (Vertrieb)<br>+49 8104 801-0 (Zentrale)<br><br><span style=\"font-family: -apple-system, BlinkMacSystemFont, 'Segoe UI', Roboto, 'Helvetica Neue', Arial, 'Noto Sans', sans-serif, 'Apple Color Emoji', 'Segoe UI Emoji', 'Segoe UI Symbol', 'Noto Color Emoji';\">E-Mail: <\/span><a style=\"font-family: -apple-system, BlinkMacSystemFont, 'Segoe UI', Roboto, 'Helvetica Neue', Arial, 'Noto Sans', sans-serif, 'Apple Color Emoji', 'Segoe UI Emoji', 'Segoe UI Symbol', 'Noto Color Emoji';\" href=\"mailto:info@microsys.de\">info@microsys.de<\/a><\/p><div id=\"c3511\" class=\"frame frame-type-html frame-layout-0 frame-space-before-none frame-space-after-medium frame-padding-top-none frame-padding-bottom-none frame-no-frame no-frame\"><p><strong>Firmenangaben<\/strong><\/p><p>MicroSys Electronics GmbH<br>Sitz der Gesellschaft: Sauerlach<br>Handelsregister M\u00fcnchen HRB 48340<br>USt.-IdNr. DE129296566<br>Gesch\u00e4ftsf\u00fchrer: Ina Sophia Schindler, Markus Loeffl<br>Inhaltlich verantwortlich im Sinne des Presserechts, des \u00a7 6 des Mediendienste-Staatsvertrages (MDStV), des Teledienstegesetzes (TDG) und des Teledienstdatenschutzgesetzes (TDDSG): MicroSys Electronics GmbH, Anschrift wie oben.<br>Copyright: Texte, Bilder, Grafiken sowie Layout dieser Seiten unterliegen weltweitem Urheberrecht. Jeder Versto\u00df gegen Urheberrechte oder sonstige Rechte, insbesondere unerlaubte Verwendung, Reproduktion oder Weitergabe einzelner Inhalte oder kompletter Seiten, wird sowohl zivilrechtlich als auch strafrechtlich verfolgt. Die genannten Firmen-, Marken-, Handels-Namen sowie Produktbeschreibungen unterliegen, soweit nichts anderes vermerkt ist, Namens- bzw. Markenrechtsschutz.<br>miriac\u2122 ist ein registriertes Markenzeichen der MicroSys Electronics GmbH.<\/p><\/div><p><a href=\"\/wp-content\/uploads\/2025\/02\/MicroSys_GTC-Delivery.pdf\" target=\"_blank\" rel=\"noopener\">Allgemeine Gesch\u00e4ftsbedingungen f\u00fcr die Lieferung von Produkten und Dienstleistungen der MicroSys Electronics GmbH<\/a><\/p>\t\t\t\t\t\t\t\t<\/div>\n\t\t\t\t<\/div>\n\t\t\t\t\t<\/div>\n\t\t\t\t<\/div>\n\t\t\t\t<\/div>\n\t\t","protected":false},"excerpt":{"rendered":"<p>Impressum MicroSys Electronics GmbH Firmenanschrift und Kontakt MicroSys Electronics GmbHM\u00fchlweg 182054 SauerlachDeutschland +49 8104 801-130 (Vertrieb)+49 8104 801-0 (Zentrale) E-Mail: info@microsys.de Firmenangaben MicroSys Electronics GmbHSitz der Gesellschaft: SauerlachHandelsregister M\u00fcnchen HRB 48340USt.-IdNr. DE129296566Gesch\u00e4ftsf\u00fchrer: Ina Sophia Schindler, Markus LoefflInhaltlich verantwortlich im Sinne des Presserechts, des \u00a7 6 des Mediendienste-Staatsvertrages (MDStV), des Teledienstegesetzes (TDG) und des Teledienstdatenschutzgesetzes (TDDSG): [&hellip;]<\/p>\n","protected":false},"author":1,"featured_media":0,"parent":0,"menu_order":0,"comment_status":"closed","ping_status":"closed","template":"","meta":{"_acf_changed":false,"footnotes":""},"class_list":["post-7789","page","type-page","status-publish","hentry"],"acf":[],"yoast_head":"<!-- This site is optimized with the Yoast SEO plugin v26.2 - https:\/\/yoast.com\/wordpress\/plugins\/seo\/ -->\n<title>Impressum - MicroSys<\/title>\n<meta name=\"robots\" content=\"index, follow, max-snippet:-1, max-image-preview:large, max-video-preview:-1\" \/>\n<link rel=\"canonical\" href=\"https:\/\/microsys.de\/de\/impressum\/\" \/>\n<meta property=\"og:locale\" content=\"de_DE\" \/>\n<meta property=\"og:type\" content=\"article\" \/>\n<meta property=\"og:title\" content=\"Impressum - MicroSys\" \/>\n<meta property=\"og:description\" content=\"Impressum MicroSys Electronics GmbH Firmenanschrift und Kontakt MicroSys Electronics GmbHM\u00fchlweg 182054 SauerlachDeutschland +49 8104 801-130 (Vertrieb)+49 8104 801-0 (Zentrale) E-Mail: info@microsys.de Firmenangaben MicroSys Electronics GmbHSitz der Gesellschaft: SauerlachHandelsregister M\u00fcnchen HRB 48340USt.-IdNr. DE129296566Gesch\u00e4ftsf\u00fchrer: Ina Sophia Schindler, Markus LoefflInhaltlich verantwortlich im Sinne des Presserechts, des \u00a7 6 des Mediendienste-Staatsvertrages (MDStV), des Teledienstegesetzes (TDG) und des Teledienstdatenschutzgesetzes (TDDSG): [&hellip;]\" \/>\n<meta property=\"og:url\" content=\"https:\/\/microsys.de\/de\/impressum\/\" \/>\n<meta property=\"og:site_name\" content=\"MicroSys\" \/>\n<meta property=\"article:modified_time\" content=\"2025-02-26T15:30:19+00:00\" \/>\n<meta name=\"twitter:card\" content=\"summary_large_image\" \/>\n<meta name=\"twitter:label1\" content=\"Gesch\u00e4tzte Lesezeit\" \/>\n\t<meta name=\"twitter:data1\" content=\"1\u00a0Minute\" \/>\n<script type=\"application\/ld+json\" class=\"yoast-schema-graph\">{\"@context\":\"https:\/\/schema.org\",\"@graph\":[{\"@type\":\"WebPage\",\"@id\":\"https:\/\/microsys.de\/de\/impressum\/\",\"url\":\"https:\/\/microsys.de\/de\/impressum\/\",\"name\":\"Impressum - MicroSys\",\"isPartOf\":{\"@id\":\"https:\/\/microsys.de\/de\/#website\"},\"datePublished\":\"2025-02-14T11:32:53+00:00\",\"dateModified\":\"2025-02-26T15:30:19+00:00\",\"breadcrumb\":{\"@id\":\"https:\/\/microsys.de\/de\/impressum\/#breadcrumb\"},\"inLanguage\":\"de\",\"potentialAction\":[{\"@type\":\"ReadAction\",\"target\":[\"https:\/\/microsys.de\/de\/impressum\/\"]}]},{\"@type\":\"BreadcrumbList\",\"@id\":\"https:\/\/microsys.de\/de\/impressum\/#breadcrumb\",\"itemListElement\":[{\"@type\":\"ListItem\",\"position\":1,\"name\":\"Home\",\"item\":\"https:\/\/microsys.de\/de\/\"},{\"@type\":\"ListItem\",\"position\":2,\"name\":\"Impressum\"}]},{\"@type\":\"WebSite\",\"@id\":\"https:\/\/microsys.de\/de\/#website\",\"url\":\"https:\/\/microsys.de\/de\/\",\"name\":\"MicroSys\",\"description\":\"Creating Embedded Systems\",\"publisher\":{\"@id\":\"https:\/\/microsys.de\/de\/#organization\"},\"potentialAction\":[{\"@type\":\"SearchAction\",\"target\":{\"@type\":\"EntryPoint\",\"urlTemplate\":\"https:\/\/microsys.de\/de\/?s={search_term_string}\"},\"query-input\":{\"@type\":\"PropertyValueSpecification\",\"valueRequired\":true,\"valueName\":\"search_term_string\"}}],\"inLanguage\":\"de\"},{\"@type\":\"Organization\",\"@id\":\"https:\/\/microsys.de\/de\/#organization\",\"name\":\"MicroSys Electronics GmbH\",\"url\":\"https:\/\/microsys.de\/de\/\",\"logo\":{\"@type\":\"ImageObject\",\"inLanguage\":\"de\",\"@id\":\"https:\/\/microsys.de\/de\/#\/schema\/logo\/image\/\",\"url\":\"https:\/\/microsys.de\/wp-content\/uploads\/2024\/12\/Microsys_Logo_Embedded_Solutions.png\",\"contentUrl\":\"https:\/\/microsys.de\/wp-content\/uploads\/2024\/12\/Microsys_Logo_Embedded_Solutions.png\",\"width\":532,\"height\":125,\"caption\":\"MicroSys Electronics GmbH\"},\"image\":{\"@id\":\"https:\/\/microsys.de\/de\/#\/schema\/logo\/image\/\"}}]}<\/script>\n<!-- \/ Yoast SEO plugin. -->","yoast_head_json":{"title":"Impressum - MicroSys","robots":{"index":"index","follow":"follow","max-snippet":"max-snippet:-1","max-image-preview":"max-image-preview:large","max-video-preview":"max-video-preview:-1"},"canonical":"https:\/\/microsys.de\/de\/impressum\/","og_locale":"de_DE","og_type":"article","og_title":"Impressum - MicroSys","og_description":"Impressum MicroSys Electronics GmbH Firmenanschrift und Kontakt MicroSys Electronics GmbHM\u00fchlweg 182054 SauerlachDeutschland +49 8104 801-130 (Vertrieb)+49 8104 801-0 (Zentrale) E-Mail: info@microsys.de Firmenangaben MicroSys Electronics GmbHSitz der Gesellschaft: SauerlachHandelsregister M\u00fcnchen HRB 48340USt.-IdNr. DE129296566Gesch\u00e4ftsf\u00fchrer: Ina Sophia Schindler, Markus LoefflInhaltlich verantwortlich im Sinne des Presserechts, des \u00a7 6 des Mediendienste-Staatsvertrages (MDStV), des Teledienstegesetzes (TDG) und des Teledienstdatenschutzgesetzes (TDDSG): [&hellip;]","og_url":"https:\/\/microsys.de\/de\/impressum\/","og_site_name":"MicroSys","article_modified_time":"2025-02-26T15:30:19+00:00","twitter_card":"summary_large_image","twitter_misc":{"Gesch\u00e4tzte Lesezeit":"1\u00a0Minute"},"schema":{"@context":"https:\/\/schema.org","@graph":[{"@type":"WebPage","@id":"https:\/\/microsys.de\/de\/impressum\/","url":"https:\/\/microsys.de\/de\/impressum\/","name":"Impressum - MicroSys","isPartOf":{"@id":"https:\/\/microsys.de\/de\/#website"},"datePublished":"2025-02-14T11:32:53+00:00","dateModified":"2025-02-26T15:30:19+00:00","breadcrumb":{"@id":"https:\/\/microsys.de\/de\/impressum\/#breadcrumb"},"inLanguage":"de","potentialAction":[{"@type":"ReadAction","target":["https:\/\/microsys.de\/de\/impressum\/"]}]},{"@type":"BreadcrumbList","@id":"https:\/\/microsys.de\/de\/impressum\/#breadcrumb","itemListElement":[{"@type":"ListItem","position":1,"name":"Home","item":"https:\/\/microsys.de\/de\/"},{"@type":"ListItem","position":2,"name":"Impressum"}]},{"@type":"WebSite","@id":"https:\/\/microsys.de\/de\/#website","url":"https:\/\/microsys.de\/de\/","name":"MicroSys","description":"Creating Embedded Systems","publisher":{"@id":"https:\/\/microsys.de\/de\/#organization"},"potentialAction":[{"@type":"SearchAction","target":{"@type":"EntryPoint","urlTemplate":"https:\/\/microsys.de\/de\/?s={search_term_string}"},"query-input":{"@type":"PropertyValueSpecification","valueRequired":true,"valueName":"search_term_string"}}],"inLanguage":"de"},{"@type":"Organization","@id":"https:\/\/microsys.de\/de\/#organization","name":"MicroSys Electronics GmbH","url":"https:\/\/microsys.de\/de\/","logo":{"@type":"ImageObject","inLanguage":"de","@id":"https:\/\/microsys.de\/de\/#\/schema\/logo\/image\/","url":"https:\/\/microsys.de\/wp-content\/uploads\/2024\/12\/Microsys_Logo_Embedded_Solutions.png","contentUrl":"https:\/\/microsys.de\/wp-content\/uploads\/2024\/12\/Microsys_Logo_Embedded_Solutions.png","width":532,"height":125,"caption":"MicroSys Electronics GmbH"},"image":{"@id":"https:\/\/microsys.de\/de\/#\/schema\/logo\/image\/"}}]}},"_links":{"self":[{"href":"https:\/\/microsys.de\/de\/wp-json\/wp\/v2\/pages\/7789","targetHints":{"allow":["GET"]}}],"collection":[{"href":"https:\/\/microsys.de\/de\/wp-json\/wp\/v2\/pages"}],"about":[{"href":"https:\/\/microsys.de\/de\/wp-json\/wp\/v2\/types\/page"}],"author":[{"embeddable":true,"href":"https:\/\/microsys.de\/de\/wp-json\/wp\/v2\/users\/1"}],"replies":[{"embeddable":true,"href":"https:\/\/microsys.de\/de\/wp-json\/wp\/v2\/comments?post=7789"}],"version-history":[{"count":0,"href":"https:\/\/microsys.de\/de\/wp-json\/wp\/v2\/pages\/7789\/revisions"}],"wp:attachment":[{"href":"https:\/\/microsys.de\/de\/wp-json\/wp\/v2\/media?parent=7789"}],"curies":[{"name":"wp","href":"https:\/\/api.w.org\/{rel}","templated":true}]}}